{"id":566,"date":"2023-03-21T13:13:03","date_gmt":"2023-03-21T12:13:03","guid":{"rendered":"https:\/\/sportowyfyrtel.pl\/11\/?page_id=566"},"modified":"2026-03-05T09:35:08","modified_gmt":"2026-03-05T08:35:08","slug":"do-pobrania","status":"publish","type":"page","link":"https:\/\/sportowyfyrtel.pl\/9\/do-pobrania\/","title":{"rendered":"Do pobrania"},"content":{"rendered":"<p>O\u015bwiadczenie uczestnika zaj\u0119\u0107 (zalecany wydruk dwustronny):<\/p>\n<p><a href=\"https:\/\/fundacja.awf.poznan.pl\/wp-content\/uploads\/2026\/02\/WZOR-7_Oswiadczenie-uczestnika-zajec-2026_NSF_F9.pdf\">KLIKNIJ TU<\/a><\/p>\n","protected":false},"excerpt":{"rendered":"<p>O\u015bwiadczenie uczestnika zaj\u0119\u0107 (zalecany wydruk dwustronny): KLIKNIJ TU [&#8230;]<\/p>\n<p><a class=\"btn btn-secondary understrap-read-more-link\" href=\"https:\/\/sportowyfyrtel.pl\/9\/do-pobrania\/\">Czytaj dalej\u2026<\/a><\/p>\n","protected":false},"author":3,"featured_media":0,"parent":0,"menu_order":0,"comment_status":"closed","ping_status":"closed","template":"","meta":{"footnotes":""},"class_list":["post-566","page","type-page","status-publish","hentry"],"_links":{"self":[{"href":"https:\/\/sportowyfyrtel.pl\/9\/wp-json\/wp\/v2\/pages\/566","targetHints":{"allow":["GET"]}}],"collection":[{"href":"https:\/\/sportowyfyrtel.pl\/9\/wp-json\/wp\/v2\/pages"}],"about":[{"href":"https:\/\/sportowyfyrtel.pl\/9\/wp-json\/wp\/v2\/types\/page"}],"author":[{"embeddable":true,"href":"https:\/\/sportowyfyrtel.pl\/9\/wp-json\/wp\/v2\/users\/3"}],"replies":[{"embeddable":true,"href":"https:\/\/sportowyfyrtel.pl\/9\/wp-json\/wp\/v2\/comments?post=566"}],"version-history":[{"count":6,"href":"https:\/\/sportowyfyrtel.pl\/9\/wp-json\/wp\/v2\/pages\/566\/revisions"}],"predecessor-version":[{"id":1529,"href":"https:\/\/sportowyfyrtel.pl\/9\/wp-json\/wp\/v2\/pages\/566\/revisions\/1529"}],"wp:attachment":[{"href":"https:\/\/sportowyfyrtel.pl\/9\/wp-json\/wp\/v2\/media?parent=566"}],"curies":[{"name":"wp","href":"https:\/\/api.w.org\/{rel}","templated":true}]}}