{"id":14,"date":"2019-05-21T10:46:53","date_gmt":"2019-05-21T08:46:53","guid":{"rendered":"https:\/\/sportowyfyrtel.pl\/11\/?page_id=14"},"modified":"2026-03-26T11:12:25","modified_gmt":"2026-03-26T10:12:25","slug":"opis-zajec","status":"publish","type":"page","link":"https:\/\/sportowyfyrtel.pl\/9\/opis-zajec\/","title":{"rendered":"Rekrutacja i opis zaj\u0119\u0107"},"content":{"rendered":"<h4><em><strong>WA\u017bNE:<\/strong><\/em><br \/>\n<em>1. Nasze zaj\u0119cia zawsze s\u0105 BEZP\u0141ATNE dla wszystkich uczestnik\u00f3w (mieszka\u0144c\u00f3w Fyrtla nr 9: osiedle STARE MIASTO)!<\/em><br \/>\n<em>2. Na wszystkie zaj\u0119cia obowi\u0105zuj\u0105 zapisy, dane kontaktowe znajdziesz zawsze przy opisie danych zaj\u0119\u0107.\u00a0<\/em><\/h4>\n<hr \/>\n<div class=\"x11i5rnm xat24cr x1mh8g0r x1vvkbs xtlvy1s x126k92a\">\n<div dir=\"auto\"><\/div>\n<h3 dir=\"auto\"><\/h3>\n<h3 class=\"xdj266r x14z9mp xat24cr x1lziwak x16tdsg8\"><b><strong class=\"x1s688f\">WZMACNIANIE I STABILIZACJA<\/strong><\/b><\/h3>\n<p class=\"xdj266r x14z9mp xat24cr x1lziwak x16tdsg8\">Zadbaj o silne mi\u0119\u015bnie g\u0142\u0119bokie i stabilne cia\u0142o, kt\u00f3re lepiej radzi sobie z codziennymi obci\u0105\u017ceniami. Trening wzmacniaj\u0105co-stabilizacyjny poprawia postaw\u0119, redukuje ryzyko kontuzji i zwi\u0119ksza kontrol\u0119 nad ruchem. Idealny dla ka\u017cdego.<\/p>\n<p>Miejsce zaj\u0119\u0107:<br \/>\n<strong>Sala ul. Kutrzeby 16G\/122<\/strong> (I pi\u0119tro, schodami i lewo)<br \/>\n<strong>Sala UAM ul. M\u0142y\u0144ska 15\u00a0<\/strong><\/p>\n<p>&nbsp;<\/p>\n<h3 class=\"xdj266r x14z9mp xat24cr x1lziwak x16tdsg8\"><b><strong class=\"x1s688f\">SPALANIE<\/strong><\/b><\/h3>\n<p class=\"xdj266r x14z9mp xat24cr x1lziwak x16tdsg8\">Zaj\u0119cia nastawione na efektywne spalanie kalorii, popraw\u0119 kondycji i redukcj\u0119 tkanki t\u0142uszczowej. Trening, jest intensywny, ale dostosowany do poziomu zaawansowania \u0107wicz\u0105cych. Wspiera metabolizm i poprawia kondycj\u0119.<\/p>\n<p>Miejsce zaj\u0119\u0107:<br \/>\n<strong>Sala ul. Kutrzeby 16G\/122<\/strong> (I pi\u0119tro, schodami i lewo)<\/p>\n<p>&nbsp;<\/p>\n<h3 class=\"xdj266r x14z9mp xat24cr x1lziwak x16tdsg8\"><b><strong class=\"x1s688f\">STRETCHING<\/strong><\/b><\/h3>\n<p class=\"xdj266r x14z9mp xat24cr x1lziwak x16tdsg8\">Zrelaksuj cia\u0142o i zwi\u0119ksz swoj\u0105 elastyczno\u015b\u0107. Regularny stretching zmniejsza napi\u0119cia mi\u0119\u015bniowe, zwi\u0119ksza zakres ruchu i pomaga szybciej regenerowa\u0107 si\u0119 po innych treningach. Zaj\u0119cia idealne dla os\u00f3b, kt\u00f3re chc\u0105 zadba\u0107 o swoje cia\u0142o.<\/p>\n<p>Miejsce zaj\u0119\u0107:<br \/>\n<strong>Sala ul. Kutrzeby 16G\/122<\/strong> (I pi\u0119tro, schodami i lewo)<br \/>\n<strong>Sala UAM ul. M\u0142y\u0144ska 15\u00a0<\/strong><\/p>\n<p>&nbsp;<\/p>\n<h3 class=\"xdj266r x14z9mp xat24cr x1lziwak x16tdsg8\"><b><strong class=\"x1s688f\">ZDROWY KR\u0118GOS\u0141UP<\/strong><\/b><\/h3>\n<p class=\"xdj266r x14z9mp xat24cr x1lziwak x16tdsg8\">Zaj\u0119cia stworzone z my\u015bl\u0105 o osobach, kt\u00f3re chc\u0105 wzmocni\u0107 mi\u0119\u015bnie g\u0142\u0119bokie, poprawi\u0107 postaw\u0119 i zadba\u0107 o komfort w codziennych ruchach. \u0141agodne \u0107wiczenia, rozci\u0105ganie i techniki oddechowe pomagaj\u0105 zmniejszy\u0107 napi\u0119cia oraz zapobiega\u0107 b\u00f3lom plec\u00f3w. Idealne dla ka\u017cdego \u2014 niezale\u017cnie od wieku i poziomu sprawno\u015bci.\u00a0 Na zaj\u0119cia prosze o zabranie wody oraz swojego r\u0119czniczka oraz jesli kto\u015b ma swoj\u0105 mate.<\/p>\n<p class=\"xdj266r x14z9mp xat24cr x1lziwak x16tdsg8\">Miejsce zaj\u0119\u0107:<br \/>\n<strong>Sala ul. Kutrzeby 16G\/122<\/strong> (I pi\u0119tro, schodami i lewo)<br \/>\n<strong>Sala UAM ul. M\u0142y\u0144ska 15<br \/>\nSP 82 ul. Krakowska 82<br \/>\nSP 40 ul. Garbary 82<br \/>\nRetro Dance Studio ul. Wielka 19<\/strong><\/p>\n<p>&nbsp;<\/p>\n<h3 class=\"xdj266r x14z9mp xat24cr x1lziwak x16tdsg8\"><b><strong class=\"x1s688f\">CHWILA RELAKSU<\/strong><\/b><\/h3>\n<p class=\"xdj266r x14z9mp xat24cr x1lziwak x16tdsg8\">Zaj\u0119cia relaksacyjne dla cia\u0142a i umys\u0142u. To po\u0142\u0105czenie element\u00f3w \u0107wicze\u0144 oddechowych, relaksacyjnych i rozci\u0105gaj\u0105cych w akompaniamencie zmys\u0142owej, delikatnej muzyki. Podczas zaj\u0119\u0107 wyciszamy organizm poprawiamy jako\u015b\u0107 i efektywno\u015b\u0107 oddechu,\u00a0 Celem zaj\u0119\u0107 jest regeneracja si\u0142, wyciszenie si\u0119, przyniesienie szeroko rozumianego relaksu. Na zaj\u0119ciach wymagana jest mata.<\/p>\n<p>Miejsce zaj\u0119\u0107:<br \/>\n<strong>Sala ul. Kutrzeby 16G\/122<\/strong> (I pi\u0119tro, schodami i lewo)<\/p>\n<p>&nbsp;<\/p>\n<h3 class=\"xdj266r x14z9mp xat24cr x1lziwak x16tdsg8\"><b><strong class=\"x1s688f\">SMUK\u0141E RAMIONA I PLECY<\/strong><\/b><\/h3>\n<p class=\"xdj266r x14z9mp xat24cr x1lziwak x16tdsg8\">Zestaw \u0107wicze\u0144 skupiaj\u0105cy si\u0119 na pracy mi\u0119\u015bni ramion oraz plec\u00f3w, maj\u0105cy na celu zmniejszenie nagromadzonej tkanki t\u0142uszczowej pod pachami oraz uj\u0119drnienie obwis\u0142ej sk\u00f3ry ramion. Podczas zaj\u0119\u0107 aktywowane b\u0119d\u0105 r\u00f3wnie\u017c mi\u0119\u015bnie klatki piersiowej, co mo\u017ce wp\u0142yn\u0105\u0107 na uj\u0119drnienie i podniesienie biustu. Intensywno\u015b\u0107 zaj\u0119\u0107 dopasowana do grupy uczestnik\u00f3w. W celu zwi\u0119kszenia efektywno\u015bci wykonywanych \u0107wicze\u0144 zach\u0119cam do zabierania ze sob\u0105 dw\u00f3ch butelek wody 0,5l, kt\u00f3re pos\u0142u\u017c\u0105 nam podczas \u0107wicze\u0144 jako ci\u0119\u017carki. (Oczywi\u015bcie je\u017celi w domu posiadasz dwa ci\u0119\u017carki z wag\u0105 do 1kg, b\u0119d\u0105 mile widziane). Na zaj\u0119ciach wymagana jest mata.<\/p>\n<p>Miejsce zaj\u0119\u0107:<br \/>\n<strong>Sala ul. Kutrzeby 16G\/122<\/strong> (I pi\u0119tro, schodami i lewo)<\/p>\n<p>&nbsp;<\/p>\n<h3 class=\"xdj266r x14z9mp xat24cr x1lziwak x16tdsg8\"><b><strong class=\"x1s688f\">GIMNASTYKA<\/strong><\/b><\/h3>\n<p class=\"xdj266r x14z9mp xat24cr x1lziwak x16tdsg8\">Bogaty zestaw r\u00f3\u017cnych \u0107wicze\u0144 ca\u0142ego cia\u0142a oparty na zaj\u0119ciach fitness, maj\u0105cy na celu utrzymanie i popraw\u0119 sprawno\u015bci fizycznej oraz popraw\u0119 koordynacji ruchowej. Zaj\u0119cia prowadzone w dynamicznym tempie- dostosowanym do grupy. \u0106wiczenia wykonywane podczas zaj\u0119\u0107 b\u0119dzie mo\u017cna praktykowa\u0107 r\u00f3wnie\u017c samodzielnie w domu dla zwi\u0119kszenia efektu oraz utrzymania sprawnego cia\u0142a i dobrej formy. Na zaj\u0119ciach wykorzystywane s\u0105 maty. Przyp\u0142yw endorfin gwarantowany! (Na zaj\u0119ciach wykorzystywane s\u0105 maty.)<\/p>\n<p>Miejsce zaj\u0119\u0107:<br \/>\n<strong>Sala ul. Kutrzeby 16G\/122<\/strong> (I pi\u0119tro, schodami i lewo)<\/p>\n<p>&nbsp;<\/p>\n<h3 class=\"xdj266r x14z9mp xat24cr x1lziwak x16tdsg8\"><b><strong class=\"x1s688f\">PILATES<\/strong><\/b><\/h3>\n<p class=\"xdj266r x14z9mp xat24cr x1lziwak x16tdsg8\">Zaj\u0119cia Pilates w ramach programu Nasz Sportowy Fyrtel to trening, kt\u00f3ry \u0142\u0105czy precyzyjne \u0107wiczenia wzmacniaj\u0105ce i rozci\u0105gaj\u0105ce, skoncentrowane na poprawie elastyczno\u015bci, stabilno\u015bci i r\u00f3wnowagi cia\u0142a. Regularna praktyka Pilates wspiera wzmocnienie g\u0142\u0119bokich mi\u0119\u015bni, poprawia postaw\u0119, a tak\u017ce zwi\u0119ksza mobilno\u015b\u0107 staw\u00f3w. To doskona\u0142a forma aktywno\u015bci dla os\u00f3b w ka\u017cdym wieku, pomagaj\u0105ca w redukcji stresu, poprawie oddechu i og\u00f3lnej kondycji fizycznej. \u0106wiczenia s\u0105 bezpieczne i dostosowane do r\u00f3\u017cnych poziom\u00f3w zaawansowania, a ich regularno\u015b\u0107 wp\u0142ywa na og\u00f3lne samopoczucie i zdrowie.<\/p>\n<p>Miejsce zaj\u0119\u0107:<br \/>\n<strong>Sala ul. Kutrzeby 16G\/122<\/strong> (I pi\u0119tro, schodami i lewo)<br \/>\n<strong>Sala UAM ul. M\u0142y\u0144ska 15\u00a0<\/strong><\/p>\n<p class=\"xdj266r x14z9mp xat24cr x1lziwak x16tdsg8\"><b><strong class=\"x1s688f\">Zaj\u0119cia taneczne dla dzieci<\/strong><\/b><\/p>\n<p class=\"xdj266r x14z9mp xat24cr x1lziwak x16tdsg8\">Zaj\u0119cia dla dzieci i m\u0142odzie\u017cy. Proste choreografie i taneczne \u0107wiczenia w r\u00f3\u017cnorodnych rytmach, budowanie \u015bwiadomo\u015bci cia\u0142a, kreatywno\u015bci, muzykalno\u015bci i pewno\u015bci siebie. Znajdzie si\u0119 te\u017c miejsce na muzyczne zabawy i elementy prozdrowotne.<\/p>\n<p>Miejsce zaj\u0119\u0107:<br \/>\n<strong>Sala ul. Kutrzeby 16G\/122<\/strong> (I pi\u0119tro, schodami i lewo)<\/p>\n<p class=\"xdj266r x14z9mp xat24cr x1lziwak x16tdsg8\"><b><strong class=\"x1s688f\">Stretch and chill<\/strong><\/b><br \/>\nStretching to technika oddzia\u0142ywania nie tylko na mi\u0119\u015bnie, ale te\u017c na bierne elementy uk\u0142adu ruchu. Poprawiaj\u0105 gibko\u015b\u0107, elastyczno\u015b\u0107, wzmacniaj\u0105 \u015bci\u0119gna, a wed\u0142ug niekt\u00f3rych \u017ar\u00f3de\u0142 tak\u017ce po\u015brednio u\u0142atwiaj\u0105 wzrost tkanki mi\u0119\u015bniowej i poprawiaj\u0105 zdolno\u015b\u0107 regeneracyjn\u0105. Do tego sporo chill\u2019u.<\/p>\n<p>Miejsce zaj\u0119\u0107:<br \/>\n<strong>Sala ul. Kutrzeby 16G\/122<\/strong> (I pi\u0119tro, schodami i lewo)<\/p>\n<p class=\"xdj266r x14z9mp xat24cr x1lziwak x16tdsg8\"><b><strong class=\"x1s688f\">Aktywny Senior<\/strong><\/b><\/p>\n<p class=\"xdj266r x14z9mp xat24cr x1lziwak x16tdsg8\">Zaj\u0119cia aktywny senior s\u0105 to zaj\u0119cia opracowane z my\u015bl\u0105 o osobach starszych. Forma ta opiera sie na \u0107wiczeniach pilates, stretching, joga i zdrowy kr\u0119gos\u0142up, a tak\u017ce bardziej dynamicznych formach zaj\u0119\u0107 fitness. Polepszaj\u0105 kondycj\u0119, zwi\u0119kszaj\u0105 si\u0142\u0119 mi\u0119\u015bni a tak\u017ce kszta\u0142tuj\u0105 r\u00f3wnowag\u0119. Zaj\u0119cia prowadzone w tempie dostosowanym do mo\u017cliwo\u015bci grupy. \u0106wiczenia \u0142\u0105cz\u0105 cechy rehabilitacji uwzgl\u0119dniaj\u0105c profilaktyk\u0119 chor\u00f3b os\u00f3b po 50 roku \u017cycia.<\/p>\n<p>Miejsce zaj\u0119\u0107:<br \/>\n<strong>Sala ul. Kutrzeby 16G\/122<\/strong> (I pi\u0119tro, schodami i lewo)<\/p>\n<p class=\"xdj266r x14z9mp xat24cr x1lziwak x16tdsg8\"><b><strong class=\"x1s688f\">Kszta\u0142towanie Sylwetki<\/strong><\/b><br \/>\nZaj\u0119cia z naciskiem na wzmocnienie mi\u0119\u015bni i poznanie prawid\u0142owej techniki wykonywanych \u0107wicze\u0144. Trening prowadzony w taki spos\u00f3b, by popracowa\u0107 nad ca\u0142ym cia\u0142em, aktywowa\u0107 wszystkie partie mi\u0119\u015bni i da\u0107 satysfakcjonuj\u0105ce efekty sylwetkowe.<\/p>\n<p>Miejsce zaj\u0119\u0107:<br \/>\n<strong>Sala ul. Kutrzeby 16G\/122<\/strong> (I pi\u0119tro, schodami i lewo)<br \/>\n<strong>Sala UAM ul. M\u0142y\u0144ska 15\u00a0<\/strong><\/p>\n<p class=\"xdj266r x14z9mp xat24cr x1lziwak x16tdsg8\"><b><strong class=\"x1s688f\">Taniec wsp\u00f3\u0142czesny\/Modern<\/strong><\/b><br \/>\nTaniec wsp\u00f3\u0142czesny\/modern to zaj\u0119cia rozwijaj\u0105ce \u015bwiadomo\u015b\u0107 cia\u0142a, ekspresj\u0119 i kreatywno\u015b\u0107 ruchow\u0105. \u0141\u0105cz\u0105 technik\u0119, elementy pracy z pod\u0142og\u0105, dynamik\u0119 oraz p\u0142ynne przej\u015bcia charakterystyczne dla stylu modern. Uczestnicy ucz\u0105 si\u0119 wyra\u017ca\u0107 emocje poprzez ruch, pracuj\u0105c nad koordynacj\u0105, si\u0142\u0105 i elastyczno\u015bci\u0105. Trening dostosowany jest do poziomu grupy, dzi\u0119ki czemu sprawdzi si\u0119 zar\u00f3wno dla pocz\u0105tkuj\u0105cych, jak i bardziej zaawansowanych tancerzy. To przestrze\u0144, w kt\u00f3rej ruch staje si\u0119 sztuk\u0105, a energia i pasja tworz\u0105 wyj\u0105tkow\u0105 atmosfer\u0119.<\/p>\n<p>Miejsce zaj\u0119\u0107:<br \/>\n<strong>Sala ul. Kutrzeby 16G\/122<\/strong> (I pi\u0119tro, schodami i lewo)<\/p>\n<p class=\"xdj266r x14z9mp xat24cr x1lziwak x16tdsg8\"><b><strong class=\"x1s688f\">Hip-hop<\/strong><\/b><br \/>\nHip-hop to energetyczne zaj\u0119cia taneczne pe\u0142ne rytmu, dynamiki i dobrej zabawy. Podczas treningu uczestnicy ucz\u0105 si\u0119 podstawowych krok\u00f3w, groove\u2019u oraz efektownych choreografii inspirowanych kultur\u0105 street dance. Zaj\u0119cia rozwijaj\u0105 koordynacj\u0119, kondycj\u0119 i poczucie rytmu, a jednocze\u015bnie pozwalaj\u0105 wyrazi\u0107 siebie poprzez swobodny, mocny styl ruchu. Program dostosowany jest do wieku i poziomu grupy, dzi\u0119ki czemu \u015bwietnie sprawdzi si\u0119 zar\u00f3wno dla m\u0142odzie\u017cy, jak i doros\u0142ych. To idealna propozycja dla os\u00f3b, kt\u00f3re chc\u0105 po\u0142\u0105czy\u0107 aktywno\u015b\u0107 fizyczn\u0105 z pozytywn\u0105 energi\u0105 i miejskim klimatem. Zaj\u0119cia 16+.<\/p>\n<p>Miejsce zaj\u0119\u0107:<br \/>\n<strong>Sala ul. Kutrzeby 16G\/122<\/strong> (I pi\u0119tro, schodami i lewo)<\/p>\n<\/div>\n<p>JOGA<\/p>\n<p><strong>SP 40 ul. Garbary 82<\/strong><\/p>\n<p>SALSATION KIDS<\/p>\n<p><strong>SP 40 ul. Garbary 82<\/strong><\/p>\n<p>AFRO DANCE<\/p>\n<p><strong>SP 40 ul. Garbary 82<\/strong><\/p>\n<p>KARATE TRADYCYJNE<\/p>\n<p><strong>Szko\u0142a Muzyczna ul. Solna 12<\/strong><\/p>\n<p>AKTYWNY SENSO MALUCH<\/p>\n<p><strong>Klamerka ul. Rybaki 20a<\/strong><\/p>\n<p>JOGA RODZINNA<\/p>\n<p><strong>Klamerka ul. Rybaki 20a<\/strong><\/p>\n<p>TANECZNY GZUB<\/p>\n<p><strong>Klamerka ul. Rybaki 20a<\/strong><\/p>\n<p>NORDIC WALKING<\/p>\n<p><strong>Zbi\u00f3rka ul. Mostowa 16<\/strong><\/p>\n<p>GIMNASTYKA 60+<\/p>\n<p><strong>SP 82 ul. Krakowska 82<br \/>\nRetro Dance Studio ul. Wielka 19<\/strong><\/p>\n<p>TABATA<\/p>\n<p><strong>Sala UAM ul. M\u0142y\u0144ska 15\u00a0<\/strong><\/p>\n<p>SALSATION<\/p>\n<p><strong>Sala UAM ul. M\u0142y\u0144ska 15\u00a0<\/strong><\/p>\n<p>RUCH I SKUPIENIE DLA DZIECI<\/p>\n<p><strong>Sala UAM ul. M\u0142y\u0144ska 15\u00a0<\/strong><\/p>\n<p>CHOREOLOGY<\/p>\n<p><strong>Sala UAM ul. M\u0142y\u0144ska 15\u00a0<\/strong><\/p>\n<p>FULL BODY WORKOUT<\/p>\n<p><strong>Sala UAM ul. M\u0142y\u0144ska 15\u00a0<\/strong><\/p>\n<p>&nbsp;<\/p>\n<div data-offset-key=\"3s2m-0-0\"><\/div>\n","protected":false},"excerpt":{"rendered":"<p>WA\u017bNE: 1. Nasze zaj\u0119cia zawsze s\u0105 BEZP\u0141ATNE dla wszystkich uczestnik\u00f3w (mieszka\u0144c\u00f3w Fyrtla nr 9: osiedle STARE MIASTO)! 2. Na wszystkie zaj\u0119cia obowi\u0105zuj\u0105 zapisy, dane kontaktowe znajdziesz zawsze przy opisie danych zaj\u0119\u0107.\u00a0 WZMACNIANIE I STABILIZACJA Zadbaj o silne mi\u0119\u015bnie g\u0142\u0119bokie i stabilne cia\u0142o, kt\u00f3re lepiej radzi sobie z codziennymi obci\u0105\u017ceniami. Trening wzmacniaj\u0105co-stabilizacyjny poprawia postaw\u0119, redukuje ryzyko [&#8230;]<\/p>\n<p><a class=\"btn btn-secondary understrap-read-more-link\" href=\"https:\/\/sportowyfyrtel.pl\/9\/opis-zajec\/\">Czytaj dalej\u2026<\/a><\/p>\n","protected":false},"author":1,"featured_media":0,"parent":0,"menu_order":0,"comment_status":"closed","ping_status":"closed","template":"","meta":{"footnotes":""},"class_list":["post-14","page","type-page","status-publish","hentry"],"_links":{"self":[{"href":"https:\/\/sportowyfyrtel.pl\/9\/wp-json\/wp\/v2\/pages\/14","targetHints":{"allow":["GET"]}}],"collection":[{"href":"https:\/\/sportowyfyrtel.pl\/9\/wp-json\/wp\/v2\/pages"}],"about":[{"href":"https:\/\/sportowyfyrtel.pl\/9\/wp-json\/wp\/v2\/types\/page"}],"author":[{"embeddable":true,"href":"https:\/\/sportowyfyrtel.pl\/9\/wp-json\/wp\/v2\/users\/1"}],"replies":[{"embeddable":true,"href":"https:\/\/sportowyfyrtel.pl\/9\/wp-json\/wp\/v2\/comments?post=14"}],"version-history":[{"count":208,"href":"https:\/\/sportowyfyrtel.pl\/9\/wp-json\/wp\/v2\/pages\/14\/revisions"}],"predecessor-version":[{"id":1273,"href":"https:\/\/sportowyfyrtel.pl\/9\/wp-json\/wp\/v2\/pages\/14\/revisions\/1273"}],"wp:attachment":[{"href":"https:\/\/sportowyfyrtel.pl\/9\/wp-json\/wp\/v2\/media?parent=14"}],"curies":[{"name":"wp","href":"https:\/\/api.w.org\/{rel}","templated":true}]}}