{"id":477,"date":"2023-03-20T12:18:48","date_gmt":"2023-03-20T11:18:48","guid":{"rendered":"https:\/\/sportowyfyrtel.pl\/4\/?page_id=477"},"modified":"2026-02-08T14:15:46","modified_gmt":"2026-02-08T13:15:46","slug":"do-pobrania","status":"publish","type":"page","link":"https:\/\/sportowyfyrtel.pl\/4\/do-pobrania\/","title":{"rendered":"Do pobrania"},"content":{"rendered":"<p><strong>Program Nasz Sportowy Fyrtel na terenie rejonu nr 4 przeznaczony jest tylko i wy\u0142\u0105cznie mieszka\u0144com dzielnicy G\u0142uszyna, Krzesiny-Pokrzywno-Garaszewo, Staro\u0142\u0119ka-Minikowo, a tak\u017ce Szczepankowo-Sp\u0142awie-Krzesinki!<\/strong><\/p>\n<ul>\n<li><strong>O\u015bwiadczenie uczestnika, kt\u00f3rego wype\u0142nienie jest niezb\u0119dne do udzia\u0142u w zaj\u0119ciach, a kt\u00f3re nale\u017cy starannie i czytelnie wype\u0142ni\u0107, a nast\u0119pnie zwr\u00f3ci\u0107 trenerowi lub instruktorowi pobierzesz\u00a0<a href=\"http:\/\/sportowyfyrtel.pl\/4\/wp-content\/uploads\/2025\/02\/Oswiadczenie-uczestnika-zajec-w-2025-roku-NSF-nr-4.pdf\">TUTAJ<\/a>. Pami\u0119taj, \u017ceby wydrukowa\u0107 O\u015bwiadczenie wy\u0142\u0105cznie dwustronnie!<\/strong><\/li>\n<\/ul>\n<p><strong>Projekt finansowany ze \u015brodk\u00f3w Wydzia\u0142u Sportu Urz\u0119du Miasta Poznania w ramach Pozna\u0144skiego Bud\u017cetu Obywatelskiego 2026 dzi\u0119ki g\u0142osom mieszka\u0144c\u00f3w Poznania!<\/strong><\/p>\n<p><strong>Problemy, pytania i w\u0105tpliwo\u015bci kierujcie na adres e-mail: 4@sportowyfyrtel.pl.<\/strong><\/p>\n","protected":false},"excerpt":{"rendered":"<p>Program Nasz Sportowy Fyrtel na terenie rejonu nr 4 przeznaczony jest tylko i wy\u0142\u0105cznie mieszka\u0144com dzielnicy G\u0142uszyna, Krzesiny-Pokrzywno-Garaszewo, Staro\u0142\u0119ka-Minikowo, a tak\u017ce Szczepankowo-Sp\u0142awie-Krzesinki! O\u015bwiadczenie uczestnika, kt\u00f3rego wype\u0142nienie jest niezb\u0119dne do udzia\u0142u w zaj\u0119ciach, a kt\u00f3re nale\u017cy starannie i czytelnie wype\u0142ni\u0107, a nast\u0119pnie zwr\u00f3ci\u0107 trenerowi lub instruktorowi pobierzesz\u00a0TUTAJ. Pami\u0119taj, \u017ceby wydrukowa\u0107 O\u015bwiadczenie wy\u0142\u0105cznie dwustronnie! Projekt finansowany ze [&#8230;]<\/p>\n<p><a class=\"btn btn-secondary understrap-read-more-link\" href=\"https:\/\/sportowyfyrtel.pl\/4\/do-pobrania\/\">Czytaj dalej\u2026<\/a><\/p>\n","protected":false},"author":3,"featured_media":0,"parent":0,"menu_order":0,"comment_status":"closed","ping_status":"closed","template":"","meta":{"footnotes":""},"_links":{"self":[{"href":"https:\/\/sportowyfyrtel.pl\/4\/wp-json\/wp\/v2\/pages\/477"}],"collection":[{"href":"https:\/\/sportowyfyrtel.pl\/4\/wp-json\/wp\/v2\/pages"}],"about":[{"href":"https:\/\/sportowyfyrtel.pl\/4\/wp-json\/wp\/v2\/types\/page"}],"author":[{"embeddable":true,"href":"https:\/\/sportowyfyrtel.pl\/4\/wp-json\/wp\/v2\/users\/3"}],"replies":[{"embeddable":true,"href":"https:\/\/sportowyfyrtel.pl\/4\/wp-json\/wp\/v2\/comments?post=477"}],"version-history":[{"count":7,"href":"https:\/\/sportowyfyrtel.pl\/4\/wp-json\/wp\/v2\/pages\/477\/revisions"}],"predecessor-version":[{"id":1294,"href":"https:\/\/sportowyfyrtel.pl\/4\/wp-json\/wp\/v2\/pages\/477\/revisions\/1294"}],"wp:attachment":[{"href":"https:\/\/sportowyfyrtel.pl\/4\/wp-json\/wp\/v2\/media?parent=477"}],"curies":[{"name":"wp","href":"https:\/\/api.w.org\/{rel}","templated":true}]}}