{"id":16,"date":"2019-05-21T10:47:02","date_gmt":"2019-05-21T08:47:02","guid":{"rendered":"http:\/\/sportowyfyrtel.pl\/4\/?page_id=16"},"modified":"2022-02-24T08:37:53","modified_gmt":"2022-02-24T07:37:53","slug":"partnerzy","status":"publish","type":"page","link":"https:\/\/sportowyfyrtel.pl\/4\/partnerzy\/","title":{"rendered":"Partnerzy"},"content":{"rendered":"<table style=\"border-color: #ffffff; height: 336px;\" border=\"0\" width=\"875\">\n<tbody>\n<tr>\n<td style=\"width: 340px; border-color: #ffffff;\" align=\"left\" valign=\"middle\"><img loading=\"lazy\" decoding=\"async\" class=\"alignnone size-medium wp-image-84\" src=\"http:\/\/sportowyfyrtel.pl\/4\/wp-content\/uploads\/2019\/06\/LOGO_POZnan_RGB_JPEG-300x128.jpg\" alt=\"\" width=\"300\" height=\"128\" srcset=\"https:\/\/sportowyfyrtel.pl\/4\/wp-content\/uploads\/2019\/06\/LOGO_POZnan_RGB_JPEG-300x128.jpg 300w, https:\/\/sportowyfyrtel.pl\/4\/wp-content\/uploads\/2019\/06\/LOGO_POZnan_RGB_JPEG-768x327.jpg 768w, https:\/\/sportowyfyrtel.pl\/4\/wp-content\/uploads\/2019\/06\/LOGO_POZnan_RGB_JPEG.jpg 891w\" sizes=\"(max-width: 300px) 100vw, 300px\" \/><a href=\"http:\/\/www.awf.poznan.pl\"><img loading=\"lazy\" decoding=\"async\" class=\"alignnone wp-image-240\" src=\"http:\/\/trener.awf.poznan.pl\/osiedlowy\/wp-content\/uploads\/2016\/04\/logo_nap_dol.jpg\" alt=\"logo_nap_dol\" width=\"190\" height=\"119\" \/><\/a><\/td>\n<td style=\"width: 340px; border-color: #ffffff;\">Finasowanie programu:<\/p>\n<p><a href=\"https:\/\/bip.poznan.pl\/bip\/wydzial-sportu,146\/\">Wydzia\u0142 Sportu Urz\u0119du Miasta Poznania<\/a> -w ramach \u015brodk\u00f3w z Pozna\u0144skiego Bud\u017cetu Obywatelskiego\u00a0 #poznanwspiera<\/p>\n<p>Opieka merytoryczna &#8211; wdra\u017canie bada\u0144 naukowych:<\/p>\n<p><a href=\"https:\/\/www.awf.poznan.pl\/pl\/\">Akademia Wychowania Fizycznego im. Eugeniusza Piaseckiego w Poznaniu<\/a> w ramach dzia\u0142a\u0144 &#8222;AWF dla Poznania&#8221;<\/td>\n<\/tr>\n<tr>\n<td style=\"width: 340px; border-color: #ffffff;\" align=\"left\" valign=\"middle\"><\/td>\n<td style=\"width: 340px; border-color: #ffffff;\"><\/td>\n<\/tr>\n<\/tbody>\n<\/table>\n<table style=\"border-color: #ffffff; height: 560px;\" border=\"0\" width=\"847\">\n<tbody>\n<tr>\n<td style=\"width: 340px; border-color: #ffffff;\" align=\"left\" valign=\"middle\"><a href=\"https:\/\/www.facebook.com\/RadaOsiedlaSMM\/\"><img loading=\"lazy\" decoding=\"async\" class=\"alignnone wp-image-89\" src=\"http:\/\/sportowyfyrtel.pl\/4\/wp-content\/uploads\/2019\/06\/10469180_576113385850220_3253129499915717986_n-300x300.jpg\" alt=\"\" width=\"133\" height=\"133\" srcset=\"https:\/\/sportowyfyrtel.pl\/4\/wp-content\/uploads\/2019\/06\/10469180_576113385850220_3253129499915717986_n-300x300.jpg 300w, https:\/\/sportowyfyrtel.pl\/4\/wp-content\/uploads\/2019\/06\/10469180_576113385850220_3253129499915717986_n-150x150.jpg 150w, https:\/\/sportowyfyrtel.pl\/4\/wp-content\/uploads\/2019\/06\/10469180_576113385850220_3253129499915717986_n.jpg 443w\" sizes=\"(max-width: 133px) 100vw, 133px\" \/><\/a><\/td>\n<td style=\"width: 340px; border-color: #ffffff;\"><a href=\"http:\/\/www.poznan.pl\/mim\/osiedla\/osiedle-staroleka-minikowo-marlewo,1266\/\">Rada Osiedla\u00a0STARO\u0141\u0118KA-MINIKOWO-MARLEWO<\/a><\/td>\n<\/tr>\n<tr>\n<td style=\"width: 340px; border-color: #ffffff;\" align=\"left\" valign=\"middle\"><a href=\"http:\/\/gluszyna.pl\/\"><img loading=\"lazy\" decoding=\"async\" class=\"alignnone wp-image-90\" src=\"http:\/\/sportowyfyrtel.pl\/4\/wp-content\/uploads\/2019\/06\/osiedle_gluszyna2-300x123.jpg\" alt=\"\" width=\"139\" height=\"57\" srcset=\"https:\/\/sportowyfyrtel.pl\/4\/wp-content\/uploads\/2019\/06\/osiedle_gluszyna2-300x123.jpg 300w, https:\/\/sportowyfyrtel.pl\/4\/wp-content\/uploads\/2019\/06\/osiedle_gluszyna2.jpg 477w\" sizes=\"(max-width: 139px) 100vw, 139px\" \/><\/a><\/td>\n<td style=\"width: 340px; border-color: #ffffff;\"><a href=\"http:\/\/www.poznan.pl\/mim\/osiedla\/osiedle-gluszyna,1263\/\">Rada Osiedla G\u0141USZYNA<\/a><\/td>\n<\/tr>\n<tr>\n<td style=\"width: 340px; border-color: #ffffff;\" align=\"left\" valign=\"middle\"><a href=\"https:\/\/www.facebook.com\/OsiedleKPG\/\"><img loading=\"lazy\" decoding=\"async\" class=\"alignnone wp-image-92\" src=\"http:\/\/sportowyfyrtel.pl\/4\/wp-content\/uploads\/2019\/06\/62003111_363132054407146_244615498656907264_n-300x300.png\" alt=\"\" width=\"128\" height=\"128\" srcset=\"https:\/\/sportowyfyrtel.pl\/4\/wp-content\/uploads\/2019\/06\/62003111_363132054407146_244615498656907264_n-300x300.png 300w, https:\/\/sportowyfyrtel.pl\/4\/wp-content\/uploads\/2019\/06\/62003111_363132054407146_244615498656907264_n-150x150.png 150w, https:\/\/sportowyfyrtel.pl\/4\/wp-content\/uploads\/2019\/06\/62003111_363132054407146_244615498656907264_n-768x768.png 768w, https:\/\/sportowyfyrtel.pl\/4\/wp-content\/uploads\/2019\/06\/62003111_363132054407146_244615498656907264_n.png 960w\" sizes=\"(max-width: 128px) 100vw, 128px\" \/><\/a><\/td>\n<td style=\"width: 340px; border-color: #ffffff;\"><a href=\"http:\/\/www.poznan.pl\/mim\/osiedla\/osiedle-krzesiny-pokrzywno-garaszewo,1264\/\">Rada Osiedla KRZESINY-POKRZYWNO-GARASZEWO<\/a><\/td>\n<\/tr>\n<tr>\n<td style=\"width: 340px; border-color: #ffffff;\"><a href=\"https:\/\/www.facebook.com\/osiedleszczepankowo\/\"><img loading=\"lazy\" decoding=\"async\" class=\"alignnone wp-image-93\" src=\"http:\/\/sportowyfyrtel.pl\/4\/wp-content\/uploads\/2019\/06\/54522895_2226466784107698_8990609677272219648_n-300x300.jpg\" alt=\"\" width=\"137\" height=\"137\" srcset=\"https:\/\/sportowyfyrtel.pl\/4\/wp-content\/uploads\/2019\/06\/54522895_2226466784107698_8990609677272219648_n-300x300.jpg 300w, https:\/\/sportowyfyrtel.pl\/4\/wp-content\/uploads\/2019\/06\/54522895_2226466784107698_8990609677272219648_n-150x150.jpg 150w, https:\/\/sportowyfyrtel.pl\/4\/wp-content\/uploads\/2019\/06\/54522895_2226466784107698_8990609677272219648_n-768x768.jpg 768w, https:\/\/sportowyfyrtel.pl\/4\/wp-content\/uploads\/2019\/06\/54522895_2226466784107698_8990609677272219648_n.jpg 960w\" sizes=\"(max-width: 137px) 100vw, 137px\" \/><\/a><\/p>\n<p>&nbsp;<\/td>\n<td style=\"width: 340px; border-color: #ffffff;\"><a href=\"http:\/\/www.poznan.pl\/mim\/osiedla\/osiedle-szczepankowo-splawie-krzesinki,1267\/\">Rada Osiedla SZCZEPANKOWO-SP\u0141AWIE-KRZESINKI<\/a><\/p>\n<p>&nbsp;<\/p>\n<p>&nbsp;<\/p>\n<p>&nbsp;<\/p>\n<p>&nbsp;<\/td>\n<\/tr>\n<\/tbody>\n<\/table>\n<p>&nbsp;<\/p>\n","protected":false},"excerpt":{"rendered":"<p>Finasowanie programu: Wydzia\u0142 Sportu Urz\u0119du Miasta Poznania -w ramach \u015brodk\u00f3w z Pozna\u0144skiego Bud\u017cetu Obywatelskiego\u00a0 #poznanwspiera Opieka merytoryczna &#8211; wdra\u017canie bada\u0144 naukowych: Akademia Wychowania Fizycznego im. Eugeniusza Piaseckiego w Poznaniu w ramach dzia\u0142a\u0144 &#8222;AWF dla Poznania&#8221; Rada Osiedla\u00a0STARO\u0141\u0118KA-MINIKOWO-MARLEWO Rada Osiedla G\u0141USZYNA Rada Osiedla KRZESINY-POKRZYWNO-GARASZEWO &nbsp; Rada Osiedla SZCZEPANKOWO-SP\u0141AWIE-KRZESINKI &nbsp; &nbsp; &nbsp; &nbsp; &nbsp; [&#8230;]<\/p>\n<p><a class=\"btn btn-secondary understrap-read-more-link\" href=\"https:\/\/sportowyfyrtel.pl\/4\/partnerzy\/\">Czytaj dalej\u2026<\/a><\/p>\n","protected":false},"author":1,"featured_media":0,"parent":0,"menu_order":0,"comment_status":"closed","ping_status":"closed","template":"","meta":{"footnotes":""},"_links":{"self":[{"href":"https:\/\/sportowyfyrtel.pl\/4\/wp-json\/wp\/v2\/pages\/16"}],"collection":[{"href":"https:\/\/sportowyfyrtel.pl\/4\/wp-json\/wp\/v2\/pages"}],"about":[{"href":"https:\/\/sportowyfyrtel.pl\/4\/wp-json\/wp\/v2\/types\/page"}],"author":[{"embeddable":true,"href":"https:\/\/sportowyfyrtel.pl\/4\/wp-json\/wp\/v2\/users\/1"}],"replies":[{"embeddable":true,"href":"https:\/\/sportowyfyrtel.pl\/4\/wp-json\/wp\/v2\/comments?post=16"}],"version-history":[{"count":8,"href":"https:\/\/sportowyfyrtel.pl\/4\/wp-json\/wp\/v2\/pages\/16\/revisions"}],"predecessor-version":[{"id":367,"href":"https:\/\/sportowyfyrtel.pl\/4\/wp-json\/wp\/v2\/pages\/16\/revisions\/367"}],"wp:attachment":[{"href":"https:\/\/sportowyfyrtel.pl\/4\/wp-json\/wp\/v2\/media?parent=16"}],"curies":[{"name":"wp","href":"https:\/\/api.w.org\/{rel}","templated":true}]}}