{"id":12,"date":"2019-05-21T10:46:47","date_gmt":"2019-05-21T08:46:47","guid":{"rendered":"http:\/\/sportowyfyrtel.pl\/4\/?page_id=12"},"modified":"2026-03-17T13:26:06","modified_gmt":"2026-03-17T12:26:06","slug":"godziny-zajec","status":"publish","type":"page","link":"https:\/\/sportowyfyrtel.pl\/4\/godziny-zajec\/","title":{"rendered":"Godziny zaj\u0119\u0107"},"content":{"rendered":"<h3><span data-sheets-formula-bar-text-style=\"font-size:16px;color:#000000;font-weight:bold;text-decoration:none;font-family:'Arial';font-style:normal;text-decoration-skip-ink:none;\">Zaj\u0119cia przeznaczone s\u0105 TYLKO dla mieszka\u0144c\u00f3w na sta\u0142e zamieszkuj\u0105cych na terenie dzielnic: G\u0142uszyna, Krzesiny-Pokrzywno-Garaszewo, Staro\u0142\u0119ka-Minikowo-Marlewo, Szczepankowo-Sp\u0142awie-Krzesinki!<\/span><\/h3>\n<p>&nbsp;<\/p>\n<h3><strong>Plan zaj\u0119\u0107<\/strong><\/h3>\n<p><div style=\"position: relative; width: 100%;\"><iframe src=\"https:\/\/sportowyfyrtel.pl\/calendar.php?fyrtel=6&week=0\" onload=\"this.style.height = this.contentWindow.document.documentElement.scrollHeight + 'px'; document.getElementById('progress-0').classList.remove('show');\" style=\"border: 0; width: 100%; min-height: 165px; height:165px;\"><\/iframe><div class=\"iframe-progress show\" id=\"progress-0\"><\/div><div id=\"progress-counter-0\" style=\"position: absolute; right: 0; top: 0;\">0%<\/div><\/div><script>\n        function updateCounter0() {\n            var counter = document.getElementById(\"progress-counter-0\");\n            var value = 0;\n            var interval = setInterval(function() {\n                value+=5;\n                counter.textContent = value + \"%\";\n                if(value >= 95) {\n                    clearInterval(interval);\n                    counter.style.display = \"none\";\n                }   \n            }, 75);\n        }\n        updateCounter0();\n    <\/script><br \/>\n<div style=\"position: relative; width: 100%;\"><iframe src=\"https:\/\/sportowyfyrtel.pl\/calendar.php?fyrtel=6&week=1\" onload=\"this.style.height = this.contentWindow.document.documentElement.scrollHeight + 'px'; document.getElementById('progress-1').classList.remove('show');\" style=\"border: 0; width: 100%; min-height: 165px; height:165px;\"><\/iframe><div class=\"iframe-progress show\" id=\"progress-1\"><\/div><div id=\"progress-counter-1\" style=\"position: absolute; right: 0; top: 0;\">0%<\/div><\/div><script>\n        function updateCounter1() {\n            var counter = document.getElementById(\"progress-counter-1\");\n            var value = 0;\n            var interval = setInterval(function() {\n                value+=5;\n                counter.textContent = value + \"%\";\n                if(value >= 95) {\n                    clearInterval(interval);\n                    counter.style.display = \"none\";\n                }   \n            }, 75);\n        }\n        updateCounter1();\n    <\/script><\/p>\n<p><strong>Program Nasz Sportowy Fyrtel na terenie rejonu nr 4 przeznaczony jest tylko i wy\u0142\u0105cznie mieszka\u0144com dzielnicy G\u0142uszyna, Krzesiny-Pokrzywno-Garaszewo, Staro\u0142\u0119ka-Minikowo, a tak\u017ce Szczepankowo-Sp\u0142awie-Krzesinki!<\/strong><\/p>\n<ul>\n<li><strong>Regulamin, kt\u00f3rego akceptacja jest niezb\u0119dna do udzia\u0142u w zaj\u0119ciach sportowo \u2013 rekreacyjnych, wydarzeniach czy innych aktywno\u015bciach w ramach programu Nasz Sportowy Fyrtel znajdziesz\u00a0<a href=\"https:\/\/sportowyfyrtel.pl\/4\/regulamin\/\">TUTAJ<\/a>.<\/strong><\/li>\n<li><strong>O\u015bwiadczenie uczestnika, kt\u00f3rego wype\u0142nienie jest niezb\u0119dne do udzia\u0142u w zaj\u0119ciach, a kt\u00f3re nale\u017cy starannie i czytelnie wype\u0142ni\u0107, a nast\u0119pnie zwr\u00f3ci\u0107 trenerowi lub instruktorowi pobierzesz\u00a0<a href=\"https:\/\/sportowyfyrtel.pl\/4\/do-pobrania\/\">TUTAJ<\/a>.<\/strong><\/li>\n<li><strong>Plan zaj\u0119\u0107, kt\u00f3ry nale\u017cy \u015bledzi\u0107 \u017ceby sprawdzi\u0107 czy dane zaj\u0119cia nie zosta\u0142y odwo\u0142ane dost\u0119pny jest\u00a0<a href=\"https:\/\/sportowyfyrtel.pl\/4\/godziny-zajec\/\">TUTAJ<\/a>.<\/strong><\/li>\n<li><strong>Opis zaj\u0119\u0107, gdzie mo\u017cecie zapozna\u0107 si\u0119 r\u00f3wnie\u017c z informacjami o danych zaj\u0119ciach, lokalizacj\u0105, a tak\u017ce form\u0105 zapis\u00f3w czeka na Was\u00a0<a href=\"https:\/\/sportowyfyrtel.pl\/4\/opis-zajec\/\">TUTAJ<\/a>.<\/strong><\/li>\n<li><strong>Kliknijcie\u00a0<a href=\"https:\/\/www.facebook.com\/groups\/fyrtel4\">TUTAJ<\/a>, \u017ce do\u0142\u0105czy\u0107 do grupy na portalu Facebook dedykowanej uczestnikom zaj\u0119\u0107 na terenie rejonu nr 4, a jednocze\u015bnie mieszka\u0144com dzielnicy G\u0142uszyna, Krzesiny-Pokrzywno-Garaszewo, a tak\u017ce Staro\u0142\u0119ka-Minikowo, Szczepankowo-Sp\u0142awie-Krzesinki, gdzie znajdziecie relacje z zaj\u0119\u0107 czy innych organizowanych aktywno\u015bci, zapowiedzi, komunikaty, a tak\u017ce og\u0142oszenia dotycz\u0105ce realizacji projektu w 2026 roku.<\/strong><\/li>\n<\/ul>\n<p><strong>Projekt finansowany ze \u015brodk\u00f3w Wydzia\u0142u Sportu Urz\u0119du Miasta Poznania w ramach Pozna\u0144skiego Bud\u017cetu Obywatelskiego 2026 dzi\u0119ki g\u0142osom mieszka\u0144c\u00f3w Poznania!<\/strong><\/p>\n<p><strong>Problemy, pytania i w\u0105tpliwo\u015bci kierujcie na adres e-mail: 4@sportowyfyrtel.pl.<\/strong><\/p>\n","protected":false},"excerpt":{"rendered":"<p>Zaj\u0119cia przeznaczone s\u0105 TYLKO dla mieszka\u0144c\u00f3w na sta\u0142e zamieszkuj\u0105cych na terenie dzielnic: G\u0142uszyna, Krzesiny-Pokrzywno-Garaszewo, Staro\u0142\u0119ka-Minikowo-Marlewo, Szczepankowo-Sp\u0142awie-Krzesinki! &nbsp; Plan zaj\u0119\u0107 Program Nasz Sportowy Fyrtel na terenie rejonu nr 4 przeznaczony jest tylko i wy\u0142\u0105cznie mieszka\u0144com dzielnicy G\u0142uszyna, Krzesiny-Pokrzywno-Garaszewo, Staro\u0142\u0119ka-Minikowo, a tak\u017ce Szczepankowo-Sp\u0142awie-Krzesinki! Regulamin, kt\u00f3rego akceptacja jest niezb\u0119dna do udzia\u0142u w zaj\u0119ciach sportowo \u2013 rekreacyjnych, wydarzeniach czy [&#8230;]<\/p>\n<p><a class=\"btn btn-secondary understrap-read-more-link\" href=\"https:\/\/sportowyfyrtel.pl\/4\/godziny-zajec\/\">Czytaj dalej\u2026<\/a><\/p>\n","protected":false},"author":1,"featured_media":0,"parent":0,"menu_order":0,"comment_status":"closed","ping_status":"closed","template":"","meta":{"footnotes":""},"_links":{"self":[{"href":"https:\/\/sportowyfyrtel.pl\/4\/wp-json\/wp\/v2\/pages\/12"}],"collection":[{"href":"https:\/\/sportowyfyrtel.pl\/4\/wp-json\/wp\/v2\/pages"}],"about":[{"href":"https:\/\/sportowyfyrtel.pl\/4\/wp-json\/wp\/v2\/types\/page"}],"author":[{"embeddable":true,"href":"https:\/\/sportowyfyrtel.pl\/4\/wp-json\/wp\/v2\/users\/1"}],"replies":[{"embeddable":true,"href":"https:\/\/sportowyfyrtel.pl\/4\/wp-json\/wp\/v2\/comments?post=12"}],"version-history":[{"count":110,"href":"https:\/\/sportowyfyrtel.pl\/4\/wp-json\/wp\/v2\/pages\/12\/revisions"}],"predecessor-version":[{"id":1435,"href":"https:\/\/sportowyfyrtel.pl\/4\/wp-json\/wp\/v2\/pages\/12\/revisions\/1435"}],"wp:attachment":[{"href":"https:\/\/sportowyfyrtel.pl\/4\/wp-json\/wp\/v2\/media?parent=12"}],"curies":[{"name":"wp","href":"https:\/\/api.w.org\/{rel}","templated":true}]}}