{"id":10,"date":"2019-05-21T10:46:13","date_gmt":"2019-05-21T08:46:13","guid":{"rendered":"http:\/\/sportowyfyrtel.pl\/4\/?page_id=10"},"modified":"2023-02-14T15:39:43","modified_gmt":"2023-02-14T14:39:43","slug":"o-programie","status":"publish","type":"page","link":"https:\/\/sportowyfyrtel.pl\/4\/o-programie\/","title":{"rendered":"O programie"},"content":{"rendered":"<p>Projekt Nasz Sportowy Fyrtel zadebiutowa\u0142 w Poznaniu w 2019 roku na terenie Staro\u0142\u0119ki-Minikowa-Marlewa, G\u0142uszyny, Krzesin-Pokrzywna- -Garaszewa, Szczepankowa-Sp\u0142awia i Krzesinek. Jego realizacja mo\u017cliwa by\u0142a dzi\u0119ki g\u0142osom mieszka\u0144c\u00f3w tego rejonu, oddanym podczas g\u0142osowania w ramach Pozna\u0144skiego Bud\u017cetu Obywatelskiego. W 2020 roku projekt zwyci\u0119\u017cy\u0142 w g\u0142osowaniu PBO w dw\u00f3ch rejonach, w 2021 i 2022 w pi\u0119ciu a obecnie zesp\u00f3\u0142 Naszego Sportowego Fytlla, dzi\u0119ki g\u0142osom mieszka\u0144c\u00f3w realizuje dzia\u0142ania a\u017c w 8 z 13 rejon\u00f3w Pozna\u0144skiego Bud\u017cetu Obywatelskiego:<\/p>\n<p>REJON 1: Nowe Winogrady P\u00f3\u0142noc, Nowe Winogrady Po\u0142udnie, Nowe Winogrady Wsch\u00f3d, Stare Winogrady<\/p>\n<p>REJON 2: Kiekrz, Krzy\u017cowniki-Smochowice, Podolany, Strzeszyn w ramach AiS\u017cnk*.<\/p>\n<p>REJON 4: G\u0142uszyna, Krzesiny-Pokrzywno-Garaszewo, Staro\u0142\u0119ka-Minikowo, Szczepankowo-Sp\u0142awie-Krzesinki<\/p>\n<p>REJON 6: Ogrody, So\u0142acz, Winiary, Wola<\/p>\n<p>REJON 8: Chartowo, Rataje, \u017begrze<\/p>\n<p>REJON 10: \u015awierczewo, Wilda, Zielony D\u0119biec<\/p>\n<p>REJON 11: Fabianowo-Kotowo, G\u00f3rczyn, Junikowo, Kwiatowe, \u0141awica<\/p>\n<p>REJON 12: Antoninek-Zieliniec-Kobylepole, G\u0142\u00f3wna, Ostr\u00f3w Tumski- \u015ar\u00f3dka-Zawady-Komandoria, Warszawskie-Pomet-Malta\u0144skie cz\u0119\u015bciowo w ramach AiSbk*<\/p>\n<p>R\u00f3\u017cnorodne zaj\u0119cia sportowo rekreacyjne s\u0105 dla mieszka\u0144c\u00f3w tych osiedli ca\u0142kowicie darmowe, a w ofercie znale\u017a\u0107 mo\u017cna mi\u0119dzy innymi \u0107wiczenia og\u00f3lnorozwojowe na si\u0142owniach zewn\u0119trznych \u201eOtwarte Strefy Rekreacji\u201d, czyli otwarte sale gimnastyczne z r\u00f3\u017cnymi dyscyplinami sport\u00f3w zespo\u0142owych, zaj\u0119cia z pilatesu, kszta\u0142towania sylwetki, zdrowego kr\u0119gos\u0142upa stretchingu, zumby, body shape, wzmacniania i stabilizacji, zaj\u0119cia taneczne, amatorskie treningi biegowe a nawet zaj\u0119cia na \u015bciance wspinaczkowej czy na basenie. Wszystko to absolutnie za darmo TYLKO dzi\u0119ki Pa\u0144stwa g\u0142osom w PBO! Projekt realizowany jest przez <a href=\"https:\/\/fundacja.awf.poznan.pl\/\">Fundacj\u0119 na rzecz Akademii Wychowania Fizycznego im. Eugeniusza Piaseckiego w Poznaniu<\/a>, finansowany jest ze \u015brodk\u00f3w <a href=\"https:\/\/www.poznan.pl\/sport\/\">Wydzia\u0142u Sportu Urz\u0119du Miasta Poznania<\/a>, w ramach <a href=\"https:\/\/budzet.um.poznan.pl\/\">Pozna\u0144skiego Bud\u017cetu Obywatelskiego.<\/a><\/p>\n","protected":false},"excerpt":{"rendered":"<p>Projekt Nasz Sportowy Fyrtel zadebiutowa\u0142 w Poznaniu w 2019 roku na terenie Staro\u0142\u0119ki-Minikowa-Marlewa, G\u0142uszyny, Krzesin-Pokrzywna- -Garaszewa, Szczepankowa-Sp\u0142awia i Krzesinek. Jego realizacja mo\u017cliwa by\u0142a dzi\u0119ki g\u0142osom mieszka\u0144c\u00f3w tego rejonu, oddanym podczas g\u0142osowania w ramach Pozna\u0144skiego Bud\u017cetu Obywatelskiego. W 2020 roku projekt zwyci\u0119\u017cy\u0142 w g\u0142osowaniu PBO w dw\u00f3ch rejonach, w 2021 i 2022 w pi\u0119ciu a obecnie [&#8230;]<\/p>\n<p><a class=\"btn btn-secondary understrap-read-more-link\" href=\"https:\/\/sportowyfyrtel.pl\/4\/o-programie\/\">Czytaj dalej\u2026<\/a><\/p>\n","protected":false},"author":1,"featured_media":0,"parent":0,"menu_order":0,"comment_status":"closed","ping_status":"closed","template":"","meta":{"footnotes":""},"_links":{"self":[{"href":"https:\/\/sportowyfyrtel.pl\/4\/wp-json\/wp\/v2\/pages\/10"}],"collection":[{"href":"https:\/\/sportowyfyrtel.pl\/4\/wp-json\/wp\/v2\/pages"}],"about":[{"href":"https:\/\/sportowyfyrtel.pl\/4\/wp-json\/wp\/v2\/types\/page"}],"author":[{"embeddable":true,"href":"https:\/\/sportowyfyrtel.pl\/4\/wp-json\/wp\/v2\/users\/1"}],"replies":[{"embeddable":true,"href":"https:\/\/sportowyfyrtel.pl\/4\/wp-json\/wp\/v2\/comments?post=10"}],"version-history":[{"count":5,"href":"https:\/\/sportowyfyrtel.pl\/4\/wp-json\/wp\/v2\/pages\/10\/revisions"}],"predecessor-version":[{"id":442,"href":"https:\/\/sportowyfyrtel.pl\/4\/wp-json\/wp\/v2\/pages\/10\/revisions\/442"}],"wp:attachment":[{"href":"https:\/\/sportowyfyrtel.pl\/4\/wp-json\/wp\/v2\/media?parent=10"}],"curies":[{"name":"wp","href":"https:\/\/api.w.org\/{rel}","templated":true}]}}