{"id":199,"date":"2020-02-28T15:31:57","date_gmt":"2020-02-28T14:31:57","guid":{"rendered":"https:\/\/sportowyfyrtel.pl\/11\/?page_id=199"},"modified":"2026-03-15T21:23:37","modified_gmt":"2026-03-15T20:23:37","slug":"regulamin","status":"publish","type":"page","link":"https:\/\/sportowyfyrtel.pl\/3\/regulamin\/","title":{"rendered":"Regulamin"},"content":{"rendered":"<p><strong>Program Nasz Sportowy Fyrtel na terenie rejonu nr 3 przeznaczony jest tylko i wy\u0142\u0105cznie mieszka\u0144com dzielnicy Pi\u0105tkowo i Pi\u0105tkowo P\u00f3\u0142noc!<\/strong><\/p>\n<p><strong>Projekt finansowany ze \u015brodk\u00f3w Wydzia\u0142u Sportu Urz\u0119du Miasta Poznania w ramach Pozna\u0144skiego Bud\u017cetu Obywatelskiego 2026 dzi\u0119ki g\u0142osom mieszka\u0144c\u00f3w Poznania!<\/strong><\/p>\n<p><strong>Problemy, pytania i w\u0105tpliwo\u015bci kierujcie na adres e-mail: 3@sportowyfyrtel.pl.<\/strong><\/p>\n<hr \/>\n<p><strong>Regulamin uczestnictwa w programie Nasz Sportowy Fyrtel \u2013 darmowe zaj\u0119cia dla mieszka\u0144c\u00f3w dzielnic Pi\u0105tkowo i Pi\u0105tkowo P\u00f3\u0142noc<\/strong><\/p>\n<p>1. \u201eNasz Sportowy Fyrtel\u201d jest projektem realizowanym przez Fundacj\u0119 na rzecz Akademii Wychowania Fizycznego im. Eugeniusza Piaseckiego w Poznaniu a finansowanym ze \u015brodk\u00f3w Wydzia\u0142u Sportu Urz\u0119du Miasta Poznania w ramach PBO.<br \/>\n2. Zaj\u0119cia maj\u0105 charakter sportowo- rekreacyjny i przeznaczone s\u0105 wy\u0142\u0105cznie dla os\u00f3b zamieszkuj\u0105cych na sta\u0142e na terenie miasta Poznania w dzielnicach: Pi\u0105tkowo P\u00f3\u0142noc, Pi\u0105tkowo.<br \/>\n3. Zaj\u0119cia odbywaj\u0105 si\u0119 w \u015bci\u015ble okre\u015blonych lokalizacjach i godzinach podanych na stronie internetowej programu www.sportowyfyrtel.pl.<br \/>\n4. Zapisy na zaj\u0119cia odbywaj\u0105 si\u0119 bezpo\u015brednio u os\u00f3b odpowiedzialnych za dane zaj\u0119cia, do kt\u00f3rych dane kontaktowe s\u0105 podane na stronie internetowej programu. O zakwalifikowaniu decyduje kolejno\u015b\u0107 zg\u0142osze\u0144. W razie wyczerpania limitu miejsc tworzona jest lista rezerwowa. O ile pozwol\u0105 na to mo\u017cliwo\u015bci finansowe organizatora z grupy rezerwowej powsta\u0107 mo\u017ce dodatkowa grupa \u0107wiczebna. Pierwsze\u0144stwo w rekrutacji maj\u0105 osoby z list rezerwowych oraz te, kt\u00f3re nie bra\u0142y udzia\u0142u w poprzednim semestrze zaj\u0119\u0107.<br \/>\n5. W przypadku zaj\u0119\u0107 z ograniczon\u0105 liczb\u0105 miejsc, mo\u017cliwa jest trzykrotna absencja w zaj\u0119ciach, NIEZALE\u017bNIE OD PRZYCZYN (prosimy w \u017cadnym razie NIE PRZYNOSI\u0106 dokumentacji medycznej!). Nast\u0119pna nieobecno\u015b\u0107 powoduje skre\u015blenie z listy uczestnik\u00f3w, a na miejsce osoby skre\u015blonej wpisywana jest osoba z listy rezerwowej. Osoba skre\u015blona przez absencj\u0119 nie mo\u017ce zg\u0142osi\u0107 si\u0119 ponownie na zaj\u0119cia przez okres sze\u015bciu miesi\u0119cy od daty skre\u015blenia.<br \/>\n6. Uczestnik winien posiada\u0107 wa\u017cne ubezpieczenie NNW obejmuj\u0105ce swym zakresem uprawianie wybranego sportu.<br \/>\n7. Ka\u017cdy uczestnik powinien posiada\u0107 str\u00f3j sportowy dostosowany do warunk\u00f3w atmosferycznych i rodzaju prowadzonych zaj\u0119\u0107.<br \/>\n8. Uczestnik uczestniczy w zaj\u0119ciach na w\u0142asne ryzyko zgodnie ze znajomo\u015bci\u0105 w\u0142asnych mo\u017cliwo\u015bci i ogranicze\u0144.<br \/>\n9. Osoby uczestnicz\u0105ce w zaj\u0119ciach s\u0105 zobowi\u0105zane do zachowania ostro\u017cno\u015bci w trakcie wykonywania \u0107wicze\u0144.<br \/>\n10. W zaj\u0119ciach nie mog\u0105 uczestniczy\u0107 osoby, kt\u00f3re maj\u0105 wyra\u017ane przeciwwskazania lekarskie do zaj\u0119\u0107 zwi\u0105zanych z wysi\u0142kiem fizycznym.<br \/>\n11. W przypadku odniesienia urazu, kontuzji lub z\u0142ego samopoczucia Uczestnik zaj\u0119\u0107 powinien natychmiast zg\u0142osi\u0107 si\u0119 do instruktora i poinformowa\u0107 go o swojej dolegliwo\u015bci.<br \/>\n12. Organizator nie ponosi odpowiedzialno\u015bci za ewentualne negatywne nast\u0119pstwa dla zdrowia Uczestnika wynikaj\u0105ce z uczestnictwa w wykonywaniu \u0107wicze\u0144 w czasie zaj\u0119\u0107 sportowych organizowanych zgodnie z wszelkimi zasadami sportowymi.<br \/>\n13. W razie niew\u0142a\u015bciwego zachowania Uczestnika zaj\u0119\u0107, w tym zachowania zagra\u017caj\u0105cego zdrowiu, \u017cyciu, bezpiecze\u0144stwu swojemu i innych uczestnik\u00f3w lub zachowania dezorganizuj\u0105ce i utrudniaj\u0105ce prowadzenie zaj\u0119\u0107 dla grupy, prowadz\u0105cy zaj\u0119cia ma prawo do wyci\u0105gni\u0119cia wobec niego konsekwencji obejmuj\u0105cych wykluczenie z zaj\u0119\u0107.<br \/>\n14. Uczestnika obowi\u0105zuje dba\u0142o\u015b\u0107 o dobry stan urz\u0105dze\u0144, udost\u0119pnianego sprz\u0119tu sportowego oraz miejsca treningowego. Za wszelkie szkody powsta\u0142e z winy Uczestnika ponosi on odpowiedzialno\u015b\u0107 finansow\u0105.<br \/>\n15. W czasie uczestnictwa w animacji obowi\u0105zuje bezwzgl\u0119dny zakaz spo\u017cywania b\u0105d\u017a bycia pod wp\u0142ywem alkoholu czy \u015brodk\u00f3w odurzaj\u0105cych oraz palenia tytoniu a uczestnik\u00f3w obowi\u0105zuje kultura osobista oraz bezwzgl\u0119dny zakaz u\u017cywania niecenzuralnych wyraz\u00f3w.<br \/>\n16. Organizator nie ponosi odpowiedzialno\u015bci za rzeczy pozostawione w szatniach oraz innych miejscach przeznaczonych na zmian\u0119 stroju na sportowy.<br \/>\n17. Organizator zastrzega sobie prawo do zmiany terminu, godziny i miejsca odbywania si\u0119 zaj\u0119\u0107 oraz regulaminu o czym poinformuje za pomoc\u0105 strony internetowej.<br \/>\n18. Warunkiem uczestnictwa w zaj\u0119ciach jest wype\u0142nienie i podpisanie o\u015bwiadczenia uczestnika.<br \/>\n19 . Organizator ma prawo do wykonywania zdj\u0119\u0107, film\u00f3w oraz innych materia\u0142\u00f3w a uczestnictwo w zaj\u0119ciach oraz imprezach realizowanych w ramach programu jest jednoznaczne z wyra\u017ceniem zgody na: upublicznianie swojego wizerunku przez organizatora na potrzeby promocji projektu, zgodnie z ustaw\u0105 z dnia 4 lutego 1994 r. o prawie autorskim i prawach pokrewnych (Dz. U. z 2000 r., Nr 80, poz. 904 ze zm.) na potrzeby realizacji dzia\u0142a\u0144 oraz w zakresie sprawozdawczo\u015bci.<br \/>\n20. Uczestnictwo w zaj\u0119ciach jest jednoznaczne z akceptacj\u0105 powy\u017cszego regulaminu.<\/p>\n","protected":false},"excerpt":{"rendered":"<p>Program Nasz Sportowy Fyrtel na terenie rejonu nr 3 przeznaczony jest tylko i wy\u0142\u0105cznie mieszka\u0144com dzielnicy Pi\u0105tkowo i Pi\u0105tkowo P\u00f3\u0142noc! Projekt finansowany ze \u015brodk\u00f3w Wydzia\u0142u Sportu Urz\u0119du Miasta Poznania w ramach Pozna\u0144skiego Bud\u017cetu Obywatelskiego 2026 dzi\u0119ki g\u0142osom mieszka\u0144c\u00f3w Poznania! Problemy, pytania i w\u0105tpliwo\u015bci kierujcie na adres e-mail: 3@sportowyfyrtel.pl. Regulamin uczestnictwa w programie Nasz Sportowy Fyrtel [&#8230;]<\/p>\n<p><a class=\"btn btn-secondary understrap-read-more-link\" href=\"https:\/\/sportowyfyrtel.pl\/3\/regulamin\/\">Czytaj dalej\u2026<\/a><\/p>\n","protected":false},"author":3,"featured_media":0,"parent":0,"menu_order":0,"comment_status":"closed","ping_status":"closed","template":"","meta":{"footnotes":""},"class_list":["post-199","page","type-page","status-publish","hentry"],"_links":{"self":[{"href":"https:\/\/sportowyfyrtel.pl\/3\/wp-json\/wp\/v2\/pages\/199","targetHints":{"allow":["GET"]}}],"collection":[{"href":"https:\/\/sportowyfyrtel.pl\/3\/wp-json\/wp\/v2\/pages"}],"about":[{"href":"https:\/\/sportowyfyrtel.pl\/3\/wp-json\/wp\/v2\/types\/page"}],"author":[{"embeddable":true,"href":"https:\/\/sportowyfyrtel.pl\/3\/wp-json\/wp\/v2\/users\/3"}],"replies":[{"embeddable":true,"href":"https:\/\/sportowyfyrtel.pl\/3\/wp-json\/wp\/v2\/comments?post=199"}],"version-history":[{"count":20,"href":"https:\/\/sportowyfyrtel.pl\/3\/wp-json\/wp\/v2\/pages\/199\/revisions"}],"predecessor-version":[{"id":1546,"href":"https:\/\/sportowyfyrtel.pl\/3\/wp-json\/wp\/v2\/pages\/199\/revisions\/1546"}],"wp:attachment":[{"href":"https:\/\/sportowyfyrtel.pl\/3\/wp-json\/wp\/v2\/media?parent=199"}],"curies":[{"name":"wp","href":"https:\/\/api.w.org\/{rel}","templated":true}]}}