{"id":18,"date":"2019-05-21T10:47:07","date_gmt":"2019-05-21T08:47:07","guid":{"rendered":"https:\/\/sportowyfyrtel.pl\/11\/?page_id=18"},"modified":"2026-03-12T10:02:39","modified_gmt":"2026-03-12T09:02:39","slug":"kontakt","status":"publish","type":"page","link":"https:\/\/sportowyfyrtel.pl\/3\/kontakt\/","title":{"rendered":"Kontakt"},"content":{"rendered":"<h4><span class=\"x193iq5w xeuugli x13faqbe x1vvkbs x1xmvt09 x6prxxf xvq8zen xo1l8bm xzsf02u\">Problemy, pytania i w\u0105tpliwo\u015bci prosimy kierowa\u0107 na adres e-mail<\/span><span class=\"x193iq5w xeuugli x13faqbe x1vvkbs x1xmvt09 x6prxxf xvq8zen xo1l8bm xzsf02u\">: <\/span><\/h4>\n<h4><\/h4>\n<h4><span class=\"x193iq5w xeuugli x13faqbe x1vvkbs x1xmvt09 x6prxxf xvq8zen xo1l8bm xzsf02u\">3@sportowyfyrtel.pl<\/span><\/h4>\n<p><a href=\"https:\/\/sportowyfyrtel.pl\/faq\/\">Zanim zadasz pytanie koniecznie odwied\u017a stron\u0119 z odpowiedziami na najcz\u0119stsze pytania. FAQ<\/a><\/p>\n<p>&nbsp;<\/p>\n<p><strong>Fundacja na rzecz Akademii Wychowania Fizycznego im. Eugeniusza Piaseckiego<\/strong><\/p>\n<p>ul. Kr\u00f3lowej Jadwigi 27\/39<\/p>\n<p>61-871 Pozna\u0144<\/p>\n<p>NIP: 783-11-98-362 REGON: 630195444<\/p>\n<p>Credit Agricole Bank S.A. 54 1940 1076 3059 3200 0000 0000<\/p>\n<p>e-mail: <span id=\"cloak1022\"><a href=\"mailto:awftrener@gmail.com\">awftrener@gmail.com<\/a><\/span><\/p>\n<p><strong>KOORDYNATORZY PROGRAMU:<\/strong><\/p>\n<table style=\"border-color: #ffffff; height: 390px;\" border=\"0\" width=\"1355\">\n<tbody>\n<tr style=\"height: 297px;\">\n<td style=\"border-color: #ffffff; width: 1343px; height: 297px;\"><strong>Szymon Rakowski &#8211; Marketing, Promocja, Lokalizacje, Obiekty\u00a0<\/strong><\/p>\n<p><a href=\"mailto:szymon@sportowyfyrtel.pl\">szymon@sportowyfyrtel.pl<\/a><\/p>\n<p><img loading=\"lazy\" decoding=\"async\" class=\"alignnone wp-image-369\" src=\"https:\/\/sportowyfyrtel.pl\/3\/wp-content\/uploads\/2021\/01\/Szymon-Rakowski-bw-267x300.jpg\" alt=\"\" width=\"161\" height=\"181\" srcset=\"https:\/\/sportowyfyrtel.pl\/3\/wp-content\/uploads\/2021\/01\/Szymon-Rakowski-bw-267x300.jpg 267w, https:\/\/sportowyfyrtel.pl\/3\/wp-content\/uploads\/2021\/01\/Szymon-Rakowski-bw-768x862.jpg 768w, https:\/\/sportowyfyrtel.pl\/3\/wp-content\/uploads\/2021\/01\/Szymon-Rakowski-bw.jpg 865w\" sizes=\"auto, (max-width: 161px) 100vw, 161px\" \/><\/td>\n<\/tr>\n<\/tbody>\n<\/table>\n<p><strong>Tomasz Ber &#8211; <\/strong><strong>Trenerzy, Instruktorzy, Grafik<\/strong><\/p>\n<p><span id=\"cloak1581\"><a href=\"mailto:awftrener@gmail.com\">awftrener@gmail.com\u00a0<\/a><\/span><\/p>\n<p><img loading=\"lazy\" decoding=\"async\" class=\" wp-image-235\" src=\"http:\/\/trener.awf.poznan.pl\/osiedlowy\/wp-content\/uploads\/2016\/04\/PA294720IIIImin.jpg\" alt=\"OLYMPUS DIGITAL CAMERA\" width=\"169\" height=\"155\" \/><\/p>\n<p>&nbsp;<\/p>\n<p><strong>Tomasz Wudarski &#8211; Administracja, Finanse<br \/>\n<\/strong><\/p>\n<p><span id=\"cloak55090\"><a href=\"mailto:fundacja@awf.poznan.pl\">fundacja@awf.poznan.pl\u00a0<\/a><\/span><\/p>\n<p><img loading=\"lazy\" decoding=\"async\" class=\"alignnone wp-image-233\" src=\"http:\/\/trener.awf.poznan.pl\/osiedlowy\/wp-content\/uploads\/2016\/04\/wudu.jpg\" alt=\"wudu\" width=\"169\" height=\"164\" \/><\/p>\n","protected":false},"excerpt":{"rendered":"<p>Problemy, pytania i w\u0105tpliwo\u015bci prosimy kierowa\u0107 na adres e-mail: 3@sportowyfyrtel.pl Zanim zadasz pytanie koniecznie odwied\u017a stron\u0119 z odpowiedziami na najcz\u0119stsze pytania. FAQ &nbsp; Fundacja na rzecz Akademii Wychowania Fizycznego im. Eugeniusza Piaseckiego ul. Kr\u00f3lowej Jadwigi 27\/39 61-871 Pozna\u0144 NIP: 783-11-98-362 REGON: 630195444 Credit Agricole Bank S.A. 54 1940 1076 3059 3200 0000 0000 e-mail: awftrener@gmail.com [&#8230;]<\/p>\n<p><a class=\"btn btn-secondary understrap-read-more-link\" href=\"https:\/\/sportowyfyrtel.pl\/3\/kontakt\/\">Czytaj dalej\u2026<\/a><\/p>\n","protected":false},"author":3,"featured_media":0,"parent":0,"menu_order":0,"comment_status":"closed","ping_status":"closed","template":"","meta":{"footnotes":""},"class_list":["post-18","page","type-page","status-publish","hentry"],"_links":{"self":[{"href":"https:\/\/sportowyfyrtel.pl\/3\/wp-json\/wp\/v2\/pages\/18","targetHints":{"allow":["GET"]}}],"collection":[{"href":"https:\/\/sportowyfyrtel.pl\/3\/wp-json\/wp\/v2\/pages"}],"about":[{"href":"https:\/\/sportowyfyrtel.pl\/3\/wp-json\/wp\/v2\/types\/page"}],"author":[{"embeddable":true,"href":"https:\/\/sportowyfyrtel.pl\/3\/wp-json\/wp\/v2\/users\/3"}],"replies":[{"embeddable":true,"href":"https:\/\/sportowyfyrtel.pl\/3\/wp-json\/wp\/v2\/comments?post=18"}],"version-history":[{"count":23,"href":"https:\/\/sportowyfyrtel.pl\/3\/wp-json\/wp\/v2\/pages\/18\/revisions"}],"predecessor-version":[{"id":1529,"href":"https:\/\/sportowyfyrtel.pl\/3\/wp-json\/wp\/v2\/pages\/18\/revisions\/1529"}],"wp:attachment":[{"href":"https:\/\/sportowyfyrtel.pl\/3\/wp-json\/wp\/v2\/media?parent=18"}],"curies":[{"name":"wp","href":"https:\/\/api.w.org\/{rel}","templated":true}]}}