{"id":16,"date":"2019-05-21T10:47:02","date_gmt":"2019-05-21T08:47:02","guid":{"rendered":"https:\/\/sportowyfyrtel.pl\/11\/?page_id=16"},"modified":"2025-02-17T21:12:57","modified_gmt":"2025-02-17T20:12:57","slug":"partnerzy","status":"publish","type":"page","link":"https:\/\/sportowyfyrtel.pl\/3\/partnerzy\/","title":{"rendered":"Partnerzy"},"content":{"rendered":"<p>&nbsp;<\/p>\n<table style=\"border-color: #ffffff; height: 336px;\" border=\"0\" width=\"875\">\n<tbody>\n<tr>\n<td style=\"width: 340px; border-color: #ffffff;\" align=\"left\" valign=\"middle\"><img loading=\"lazy\" decoding=\"async\" class=\"alignnone size-medium wp-image-84\" src=\"https:\/\/sportowyfyrtel.pl\/3\/wp-content\/uploads\/2019\/06\/LOGO_POZnan_RGB_JPEG-300x128.jpg\" alt=\"\" width=\"300\" height=\"128\" srcset=\"https:\/\/sportowyfyrtel.pl\/3\/wp-content\/uploads\/2019\/06\/LOGO_POZnan_RGB_JPEG-300x128.jpg 300w, https:\/\/sportowyfyrtel.pl\/3\/wp-content\/uploads\/2019\/06\/LOGO_POZnan_RGB_JPEG-768x327.jpg 768w, https:\/\/sportowyfyrtel.pl\/3\/wp-content\/uploads\/2019\/06\/LOGO_POZnan_RGB_JPEG.jpg 891w\" sizes=\"auto, (max-width: 300px) 100vw, 300px\" \/><\/td>\n<td style=\"width: 340px; border-color: #ffffff;\">Finasowanie programu:<\/p>\n<p><a href=\"https:\/\/bip.poznan.pl\/bip\/wydzial-sportu,146\/\">Wydzia\u0142 Sportu Urz\u0119du Miasta Poznania<\/a> -w ramach \u015brodk\u00f3w z Pozna\u0144skiego Bud\u017cetu Obywatelskiego\u00a0 #poznanwspiera<\/td>\n<\/tr>\n<tr>\n<td style=\"width: 340px; border-color: #ffffff;\" align=\"left\" valign=\"middle\"><a href=\"http:\/\/www.awf.poznan.pl\"><img loading=\"lazy\" decoding=\"async\" class=\"alignnone wp-image-240\" src=\"http:\/\/trener.awf.poznan.pl\/osiedlowy\/wp-content\/uploads\/2016\/04\/logo_nap_dol.jpg\" alt=\"logo_nap_dol\" width=\"190\" height=\"119\" \/><\/a><\/td>\n<td style=\"width: 340px; border-color: #ffffff;\">Opieka merytoryczna &#8211; wdra\u017canie bada\u0144 naukowych:<\/p>\n<p><a href=\"https:\/\/www.awf.poznan.pl\/pl\/\">Akademia Wychowania Fizycznego im. Eugeniusza Piaseckiego w Poznaniu<\/a> w ramach dzia\u0142a\u0144 &#8222;AWF dla Poznania&#8221;<\/td>\n<\/tr>\n<tr>\n<td style=\"width: 340px; border-color: #ffffff;\" align=\"left\" valign=\"middle\"><\/td>\n<td style=\"width: 340px; border-color: #ffffff;\"><\/td>\n<\/tr>\n<\/tbody>\n<\/table>\n<table style=\"border-color: #ffffff; height: 560px;\" border=\"0\" width=\"847\">\n<tbody>\n<tr>\n<td style=\"width: 340px; border-color: #ffffff;\" align=\"left\" valign=\"middle\"><\/td>\n<td style=\"width: 340px; border-color: #ffffff;\"><\/td>\n<\/tr>\n<tr>\n<td style=\"width: 340px; border-color: #ffffff;\" align=\"left\" valign=\"middle\"><\/td>\n<td style=\"width: 340px; border-color: #ffffff;\"><\/td>\n<\/tr>\n<tr>\n<td style=\"width: 340px; border-color: #ffffff;\" align=\"left\" valign=\"middle\"><\/td>\n<td style=\"width: 340px; border-color: #ffffff;\"><\/td>\n<\/tr>\n<tr>\n<td style=\"width: 340px; border-color: #ffffff;\"><\/td>\n<td style=\"width: 340px; border-color: #ffffff;\"><\/td>\n<\/tr>\n<\/tbody>\n<\/table>\n<p>&nbsp;<\/p>\n","protected":false},"excerpt":{"rendered":"<p>&nbsp; Finasowanie programu: Wydzia\u0142 Sportu Urz\u0119du Miasta Poznania -w ramach \u015brodk\u00f3w z Pozna\u0144skiego Bud\u017cetu Obywatelskiego\u00a0 #poznanwspiera Opieka merytoryczna &#8211; wdra\u017canie bada\u0144 naukowych: Akademia Wychowania Fizycznego im. Eugeniusza Piaseckiego w Poznaniu w ramach dzia\u0142a\u0144 &#8222;AWF dla Poznania&#8221; &nbsp; [&#8230;]<\/p>\n<p><a class=\"btn btn-secondary understrap-read-more-link\" href=\"https:\/\/sportowyfyrtel.pl\/3\/partnerzy\/\">Czytaj dalej\u2026<\/a><\/p>\n","protected":false},"author":3,"featured_media":0,"parent":0,"menu_order":0,"comment_status":"closed","ping_status":"closed","template":"","meta":{"footnotes":""},"class_list":["post-16","page","type-page","status-publish","hentry"],"_links":{"self":[{"href":"https:\/\/sportowyfyrtel.pl\/3\/wp-json\/wp\/v2\/pages\/16","targetHints":{"allow":["GET"]}}],"collection":[{"href":"https:\/\/sportowyfyrtel.pl\/3\/wp-json\/wp\/v2\/pages"}],"about":[{"href":"https:\/\/sportowyfyrtel.pl\/3\/wp-json\/wp\/v2\/types\/page"}],"author":[{"embeddable":true,"href":"https:\/\/sportowyfyrtel.pl\/3\/wp-json\/wp\/v2\/users\/3"}],"replies":[{"embeddable":true,"href":"https:\/\/sportowyfyrtel.pl\/3\/wp-json\/wp\/v2\/comments?post=16"}],"version-history":[{"count":12,"href":"https:\/\/sportowyfyrtel.pl\/3\/wp-json\/wp\/v2\/pages\/16\/revisions"}],"predecessor-version":[{"id":1263,"href":"https:\/\/sportowyfyrtel.pl\/3\/wp-json\/wp\/v2\/pages\/16\/revisions\/1263"}],"wp:attachment":[{"href":"https:\/\/sportowyfyrtel.pl\/3\/wp-json\/wp\/v2\/media?parent=16"}],"curies":[{"name":"wp","href":"https:\/\/api.w.org\/{rel}","templated":true}]}}