{"id":12,"date":"2019-05-21T10:46:47","date_gmt":"2019-05-21T08:46:47","guid":{"rendered":"http:\/\/sportowyfyrtel.pl\/6\/?page_id=12"},"modified":"2026-03-17T13:27:08","modified_gmt":"2026-03-17T12:27:08","slug":"godziny-zajec","status":"publish","type":"page","link":"https:\/\/sportowyfyrtel.pl\/10\/godziny-zajec\/","title":{"rendered":"Godziny zaj\u0119\u0107"},"content":{"rendered":"<h3><span data-sheets-formula-bar-text-style=\"font-size:15px;color:#000000;font-weight:bold;text-decoration:none;font-family:'Arial';font-style:normal;text-decoration-skip-ink:none;\"> \u015awierczewo, Wilda, Zielony D\u0119biec<\/span><\/h3>\n<h3><strong>Plan zaj\u0119\u0107<\/strong><\/h3>\n<pre><div style=\"position: relative; width: 100%;\"><iframe src=\"https:\/\/sportowyfyrtel.pl\/calendar.php?fyrtel=15&week=0\" onload=\"this.style.height = this.contentWindow.document.documentElement.scrollHeight + 'px'; document.getElementById('progress-0').classList.remove('show');\" style=\"border: 0; width: 100%; min-height: 165px; height:165px;\"><\/iframe><div class=\"iframe-progress show\" id=\"progress-0\"><\/div><div id=\"progress-counter-0\" style=\"position: absolute; right: 0; top: 0;\">0%<\/div><\/div><script>\n        function updateCounter0() {\n            var counter = document.getElementById(\"progress-counter-0\");\n            var value = 0;\n            var interval = setInterval(function() {\n                value+=5;\n                counter.textContent = value + \"%\";\n                if(value >= 95) {\n                    clearInterval(interval);\n                    counter.style.display = \"none\";\n                }   \n            }, 75);\n        }\n        updateCounter0();\n    <\/script><\/pre>\n<pre><div style=\"position: relative; width: 100%;\"><iframe src=\"https:\/\/sportowyfyrtel.pl\/calendar.php?fyrtel=15&week=1\" onload=\"this.style.height = this.contentWindow.document.documentElement.scrollHeight + 'px'; document.getElementById('progress-1').classList.remove('show');\" style=\"border: 0; width: 100%; min-height: 165px; height:165px;\"><\/iframe><div class=\"iframe-progress show\" id=\"progress-1\"><\/div><div id=\"progress-counter-1\" style=\"position: absolute; right: 0; top: 0;\">0%<\/div><\/div><script>\n        function updateCounter1() {\n            var counter = document.getElementById(\"progress-counter-1\");\n            var value = 0;\n            var interval = setInterval(function() {\n                value+=5;\n                counter.textContent = value + \"%\";\n                if(value >= 95) {\n                    clearInterval(interval);\n                    counter.style.display = \"none\";\n                }   \n            }, 75);\n        }\n        updateCounter1();\n    <\/script>\r\n<\/pre>\n","protected":false},"excerpt":{"rendered":"<p>\u015awierczewo, Wilda, Zielony D\u0119biec Plan zaj\u0119\u0107 [&#8230;]<\/p>\n<p><a class=\"btn btn-secondary understrap-read-more-link\" href=\"https:\/\/sportowyfyrtel.pl\/10\/godziny-zajec\/\">Czytaj dalej\u2026<\/a><\/p>\n","protected":false},"author":1,"featured_media":0,"parent":0,"menu_order":0,"comment_status":"closed","ping_status":"closed","template":"","meta":{"footnotes":""},"_links":{"self":[{"href":"https:\/\/sportowyfyrtel.pl\/10\/wp-json\/wp\/v2\/pages\/12"}],"collection":[{"href":"https:\/\/sportowyfyrtel.pl\/10\/wp-json\/wp\/v2\/pages"}],"about":[{"href":"https:\/\/sportowyfyrtel.pl\/10\/wp-json\/wp\/v2\/types\/page"}],"author":[{"embeddable":true,"href":"https:\/\/sportowyfyrtel.pl\/10\/wp-json\/wp\/v2\/users\/1"}],"replies":[{"embeddable":true,"href":"https:\/\/sportowyfyrtel.pl\/10\/wp-json\/wp\/v2\/comments?post=12"}],"version-history":[{"count":126,"href":"https:\/\/sportowyfyrtel.pl\/10\/wp-json\/wp\/v2\/pages\/12\/revisions"}],"predecessor-version":[{"id":1169,"href":"https:\/\/sportowyfyrtel.pl\/10\/wp-json\/wp\/v2\/pages\/12\/revisions\/1169"}],"wp:attachment":[{"href":"https:\/\/sportowyfyrtel.pl\/10\/wp-json\/wp\/v2\/media?parent=12"}],"curies":[{"name":"wp","href":"https:\/\/api.w.org\/{rel}","templated":true}]}}