{"id":551,"date":"2023-03-20T11:47:25","date_gmt":"2023-03-20T10:47:25","guid":{"rendered":"https:\/\/sportowyfyrtel.pl\/1\/?page_id=551"},"modified":"2024-02-16T17:25:13","modified_gmt":"2024-02-16T16:25:13","slug":"do-pobrania-2","status":"publish","type":"page","link":"https:\/\/sportowyfyrtel.pl\/1\/do-pobrania-2\/","title":{"rendered":"Do pobrania"},"content":{"rendered":"<p><a href=\"https:\/\/sportowyfyrtel.pl\/wp-content\/uploads\/2024\/02\/WZOR-2_Oswiadczenie-uczestnika-zajec-2024_NSF_F1.pdf\">O\u015bwiadczenie uczestnika zaj\u0119\u0107- DRUKOWA\u0106 WY\u0141\u0104CZNIE DWUSTRONNIE<\/a><\/p>\n","protected":false},"excerpt":{"rendered":"<p>O\u015bwiadczenie uczestnika zaj\u0119\u0107- DRUKOWA\u0106 WY\u0141\u0104CZNIE DWUSTRONNIE [&#8230;]<\/p>\n<p><a class=\"btn btn-secondary understrap-read-more-link\" href=\"https:\/\/sportowyfyrtel.pl\/1\/do-pobrania-2\/\">Czytaj dalej\u2026<\/a><\/p>\n","protected":false},"author":3,"featured_media":0,"parent":0,"menu_order":0,"comment_status":"closed","ping_status":"closed","template":"","meta":{"footnotes":""},"class_list":["post-551","page","type-page","status-publish","hentry"],"_links":{"self":[{"href":"https:\/\/sportowyfyrtel.pl\/1\/wp-json\/wp\/v2\/pages\/551","targetHints":{"allow":["GET"]}}],"collection":[{"href":"https:\/\/sportowyfyrtel.pl\/1\/wp-json\/wp\/v2\/pages"}],"about":[{"href":"https:\/\/sportowyfyrtel.pl\/1\/wp-json\/wp\/v2\/types\/page"}],"author":[{"embeddable":true,"href":"https:\/\/sportowyfyrtel.pl\/1\/wp-json\/wp\/v2\/users\/3"}],"replies":[{"embeddable":true,"href":"https:\/\/sportowyfyrtel.pl\/1\/wp-json\/wp\/v2\/comments?post=551"}],"version-history":[{"count":3,"href":"https:\/\/sportowyfyrtel.pl\/1\/wp-json\/wp\/v2\/pages\/551\/revisions"}],"predecessor-version":[{"id":669,"href":"https:\/\/sportowyfyrtel.pl\/1\/wp-json\/wp\/v2\/pages\/551\/revisions\/669"}],"wp:attachment":[{"href":"https:\/\/sportowyfyrtel.pl\/1\/wp-json\/wp\/v2\/media?parent=551"}],"curies":[{"name":"wp","href":"https:\/\/api.w.org\/{rel}","templated":true}]}}